{"id":156,"date":"2020-06-29T15:09:18","date_gmt":"2020-06-29T15:09:18","guid":{"rendered":"http:\/\/www.vodny-mlyn-predajna.sk\/?page_id=156"},"modified":"2020-07-07T12:24:31","modified_gmt":"2020-07-07T12:24:31","slug":"zarnov","status":"publish","type":"page","link":"https:\/\/www.vodny-mlyn-predajna.sk\/?page_id=156","title":{"rendered":"\u017earnov"},"content":{"rendered":"\n<p>jednoduch\u00fd \u017earnov pou\u017e\u00edvali u\u017e v\u00a0dobe kamennej na mletie m\u00faky. Sklad\u00e1 sa z\u00a0dvoch okr\u00fahlych kame\u0148ov na sebe, medzi ktor\u00fdmi sa obilie rozomlelo na m\u00faku. Na obr\u00e1zku sa \u017earnov nach\u00e1dza vo vn\u00fatri spodnej okr\u00fahlej drevenej debne. M\u00faka zomlet\u00e1 v\u00a0\u017earnove sa u\u017e \u010falej neupravovala. S\u00fa\u010dasnou terminol\u00f3giou by sme tak\u00fato m\u00faku ozna\u010dili ako  celozrnn\u00fa m\u00faku. Nasypala sa do vriec a\u00a0bola pripraven\u00e1 na expedovanie. V\u00a0na\u0161om mlyne sl\u00fa\u017eil \u017earnov na v\u00fdrobu k\u0155mnej zmesi pre zvierat\u00e1 (\u0161rot).<\/p>\n\n\n\n<figure class=\"wp-block-image size-large is-resized\"><img loading=\"lazy\" src=\"http:\/\/www.vodny-mlyn-predajna.sk\/wp-content\/uploads\/2020\/05\/\u017earnov-708x1024.jpg\" alt=\"\" class=\"wp-image-134\" width=\"375\" height=\"542\" srcset=\"https:\/\/www.vodny-mlyn-predajna.sk\/wp-content\/uploads\/2020\/05\/\u017earnov-708x1024.jpg 708w, https:\/\/www.vodny-mlyn-predajna.sk\/wp-content\/uploads\/2020\/05\/\u017earnov-207x300.jpg 207w, https:\/\/www.vodny-mlyn-predajna.sk\/wp-content\/uploads\/2020\/05\/\u017earnov-768x1111.jpg 768w, https:\/\/www.vodny-mlyn-predajna.sk\/wp-content\/uploads\/2020\/05\/\u017earnov-1061x1536.jpg 1061w, https:\/\/www.vodny-mlyn-predajna.sk\/wp-content\/uploads\/2020\/05\/\u017earnov-1415x2048.jpg 1415w, https:\/\/www.vodny-mlyn-predajna.sk\/wp-content\/uploads\/2020\/05\/\u017earnov-scaled.jpg 1769w\" sizes=\"(max-width: 375px) 100vw, 375px\" \/><figcaption>\u017earnov s n\u00e1sypn\u00edkom; foto: M. \u017dec<\/figcaption><\/figure>\n","protected":false},"excerpt":{"rendered":"<p>jednoduch\u00fd \u017earnov pou\u017e\u00edvali u\u017e v\u00a0dobe kamennej na mletie m\u00faky. Sklad\u00e1 sa z\u00a0dvoch okr\u00fahlych kame\u0148ov na sebe, medzi ktor\u00fdmi sa obilie rozomlelo na m\u00faku. Na obr\u00e1zku sa \u017earnov nach\u00e1dza vo vn\u00fatri spodnej okr\u00fahlej drevenej debne. M\u00faka zomlet\u00e1 v\u00a0\u017earnove sa u\u017e \u010falej neupravovala. S\u00fa\u010dasnou terminol\u00f3giou by sme tak\u00fato m\u00faku ozna\u010dili ako celozrnn\u00fa m\u00faku. Nasypala sa do vriec &hellip; <\/p>\n<p class=\"link-more\"><a href=\"https:\/\/www.vodny-mlyn-predajna.sk\/?page_id=156\" class=\"more-link\">Pokra\u010dova\u0165 v \u010d\u00edtan\u00ed<span class=\"screen-reader-text\"> &#8222;\u017earnov&#8220;<\/span><\/a><\/p>\n","protected":false},"author":1,"featured_media":0,"parent":17,"menu_order":0,"comment_status":"closed","ping_status":"closed","template":"","meta":[],"_links":{"self":[{"href":"https:\/\/www.vodny-mlyn-predajna.sk\/index.php?rest_route=\/wp\/v2\/pages\/156"}],"collection":[{"href":"https:\/\/www.vodny-mlyn-predajna.sk\/index.php?rest_route=\/wp\/v2\/pages"}],"about":[{"href":"https:\/\/www.vodny-mlyn-predajna.sk\/index.php?rest_route=\/wp\/v2\/types\/page"}],"author":[{"embeddable":true,"href":"https:\/\/www.vodny-mlyn-predajna.sk\/index.php?rest_route=\/wp\/v2\/users\/1"}],"replies":[{"embeddable":true,"href":"https:\/\/www.vodny-mlyn-predajna.sk\/index.php?rest_route=%2Fwp%2Fv2%2Fcomments&post=156"}],"version-history":[{"count":2,"href":"https:\/\/www.vodny-mlyn-predajna.sk\/index.php?rest_route=\/wp\/v2\/pages\/156\/revisions"}],"predecessor-version":[{"id":238,"href":"https:\/\/www.vodny-mlyn-predajna.sk\/index.php?rest_route=\/wp\/v2\/pages\/156\/revisions\/238"}],"up":[{"embeddable":true,"href":"https:\/\/www.vodny-mlyn-predajna.sk\/index.php?rest_route=\/wp\/v2\/pages\/17"}],"wp:attachment":[{"href":"https:\/\/www.vodny-mlyn-predajna.sk\/index.php?rest_route=%2Fwp%2Fv2%2Fmedia&parent=156"}],"curies":[{"name":"wp","href":"https:\/\/api.w.org\/{rel}","templated":true}]}}