{"id":159,"date":"2020-06-29T15:22:02","date_gmt":"2020-06-29T15:22:02","guid":{"rendered":"http:\/\/www.vodny-mlyn-predajna.sk\/?page_id=159"},"modified":"2020-06-29T15:22:02","modified_gmt":"2020-06-29T15:22:02","slug":"vytah","status":"publish","type":"page","link":"https:\/\/www.vodny-mlyn-predajna.sk\/?page_id=159","title":{"rendered":"v\u00fd\u0165ah"},"content":{"rendered":"\n<p>v\u00fd\u0165ah sl\u00fa\u017eil na prepravu materi\u00e1lu (zrno, \u0161rot, krupica, m\u00faka,&#8230;) od n\u00e1sypn\u00edka alebo zo stroja (napr. mlecia stolica) do vy\u0161\u0161ieho podla\u017eia mlyna, odkia\u013e bol prepravovan\u00fd potrub\u00edm na \u010fal\u0161ie spracovanie v&nbsp;r\u00f4znych strojoch<\/p>\n","protected":false},"excerpt":{"rendered":"<p>v\u00fd\u0165ah sl\u00fa\u017eil na prepravu materi\u00e1lu (zrno, \u0161rot, krupica, m\u00faka,&#8230;) od n\u00e1sypn\u00edka alebo zo stroja (napr. mlecia stolica) do vy\u0161\u0161ieho podla\u017eia mlyna, odkia\u013e bol prepravovan\u00fd potrub\u00edm na \u010fal\u0161ie spracovanie v&nbsp;r\u00f4znych strojoch<\/p>\n","protected":false},"author":1,"featured_media":0,"parent":17,"menu_order":0,"comment_status":"closed","ping_status":"closed","template":"","meta":[],"_links":{"self":[{"href":"https:\/\/www.vodny-mlyn-predajna.sk\/index.php?rest_route=\/wp\/v2\/pages\/159"}],"collection":[{"href":"https:\/\/www.vodny-mlyn-predajna.sk\/index.php?rest_route=\/wp\/v2\/pages"}],"about":[{"href":"https:\/\/www.vodny-mlyn-predajna.sk\/index.php?rest_route=\/wp\/v2\/types\/page"}],"author":[{"embeddable":true,"href":"https:\/\/www.vodny-mlyn-predajna.sk\/index.php?rest_route=\/wp\/v2\/users\/1"}],"replies":[{"embeddable":true,"href":"https:\/\/www.vodny-mlyn-predajna.sk\/index.php?rest_route=%2Fwp%2Fv2%2Fcomments&post=159"}],"version-history":[{"count":1,"href":"https:\/\/www.vodny-mlyn-predajna.sk\/index.php?rest_route=\/wp\/v2\/pages\/159\/revisions"}],"predecessor-version":[{"id":160,"href":"https:\/\/www.vodny-mlyn-predajna.sk\/index.php?rest_route=\/wp\/v2\/pages\/159\/revisions\/160"}],"up":[{"embeddable":true,"href":"https:\/\/www.vodny-mlyn-predajna.sk\/index.php?rest_route=\/wp\/v2\/pages\/17"}],"wp:attachment":[{"href":"https:\/\/www.vodny-mlyn-predajna.sk\/index.php?rest_route=%2Fwp%2Fv2%2Fmedia&parent=159"}],"curies":[{"name":"wp","href":"https:\/\/api.w.org\/{rel}","templated":true}]}}