{"id":161,"date":"2020-06-29T15:28:22","date_gmt":"2020-06-29T15:28:22","guid":{"rendered":"http:\/\/www.vodny-mlyn-predajna.sk\/?page_id=161"},"modified":"2020-07-07T12:26:29","modified_gmt":"2020-07-07T12:26:29","slug":"kukolnik","status":"publish","type":"page","link":"https:\/\/www.vodny-mlyn-predajna.sk\/?page_id=161","title":{"rendered":"k\u00fako\u013en\u00edk"},"content":{"rendered":"\n<p>K\u00fako\u013en\u00edk je zariadenie na triedenie zrna pod\u013ea tvaru a\u00a0ve\u013ekosti. Semen\u00e1, ktor\u00e9 nemali po\u017eadovan\u00fd tvar a\u00a0ve\u013ekos\u0165 (pr\u00edpadne in\u00e9 pevn\u00e9 ne\u017eelan\u00e9 prvky, napr. kamienky) boli v\u00a0k\u00fako\u013en\u00edku vytrieden\u00e9 a\u00a0odstr\u00e1nen\u00e9.<\/p>\n\n\n\n<figure class=\"wp-block-image size-large\"><img loading=\"lazy\" width=\"1024\" height=\"768\" src=\"http:\/\/www.vodny-mlyn-predajna.sk\/wp-content\/uploads\/2020\/05\/k\u00fako\u013en\u00edk-1024x768.jpg\" alt=\"\" class=\"wp-image-121\" srcset=\"https:\/\/www.vodny-mlyn-predajna.sk\/wp-content\/uploads\/2020\/05\/k\u00fako\u013en\u00edk-1024x768.jpg 1024w, https:\/\/www.vodny-mlyn-predajna.sk\/wp-content\/uploads\/2020\/05\/k\u00fako\u013en\u00edk-300x225.jpg 300w, https:\/\/www.vodny-mlyn-predajna.sk\/wp-content\/uploads\/2020\/05\/k\u00fako\u013en\u00edk-768x576.jpg 768w, https:\/\/www.vodny-mlyn-predajna.sk\/wp-content\/uploads\/2020\/05\/k\u00fako\u013en\u00edk-1536x1152.jpg 1536w, https:\/\/www.vodny-mlyn-predajna.sk\/wp-content\/uploads\/2020\/05\/k\u00fako\u013en\u00edk-2048x1536.jpg 2048w\" sizes=\"(max-width: 767px) 89vw, (max-width: 1000px) 54vw, (max-width: 1071px) 543px, 580px\" \/><figcaption>foto: M. \u017dec<\/figcaption><\/figure>\n","protected":false},"excerpt":{"rendered":"<p>K\u00fako\u013en\u00edk je zariadenie na triedenie zrna pod\u013ea tvaru a\u00a0ve\u013ekosti. Semen\u00e1, ktor\u00e9 nemali po\u017eadovan\u00fd tvar a\u00a0ve\u013ekos\u0165 (pr\u00edpadne in\u00e9 pevn\u00e9 ne\u017eelan\u00e9 prvky, napr. kamienky) boli v\u00a0k\u00fako\u013en\u00edku vytrieden\u00e9 a\u00a0odstr\u00e1nen\u00e9.<\/p>\n","protected":false},"author":1,"featured_media":0,"parent":17,"menu_order":0,"comment_status":"closed","ping_status":"closed","template":"","meta":[],"_links":{"self":[{"href":"https:\/\/www.vodny-mlyn-predajna.sk\/index.php?rest_route=\/wp\/v2\/pages\/161"}],"collection":[{"href":"https:\/\/www.vodny-mlyn-predajna.sk\/index.php?rest_route=\/wp\/v2\/pages"}],"about":[{"href":"https:\/\/www.vodny-mlyn-predajna.sk\/index.php?rest_route=\/wp\/v2\/types\/page"}],"author":[{"embeddable":true,"href":"https:\/\/www.vodny-mlyn-predajna.sk\/index.php?rest_route=\/wp\/v2\/users\/1"}],"replies":[{"embeddable":true,"href":"https:\/\/www.vodny-mlyn-predajna.sk\/index.php?rest_route=%2Fwp%2Fv2%2Fcomments&post=161"}],"version-history":[{"count":2,"href":"https:\/\/www.vodny-mlyn-predajna.sk\/index.php?rest_route=\/wp\/v2\/pages\/161\/revisions"}],"predecessor-version":[{"id":239,"href":"https:\/\/www.vodny-mlyn-predajna.sk\/index.php?rest_route=\/wp\/v2\/pages\/161\/revisions\/239"}],"up":[{"embeddable":true,"href":"https:\/\/www.vodny-mlyn-predajna.sk\/index.php?rest_route=\/wp\/v2\/pages\/17"}],"wp:attachment":[{"href":"https:\/\/www.vodny-mlyn-predajna.sk\/index.php?rest_route=%2Fwp%2Fv2%2Fmedia&parent=161"}],"curies":[{"name":"wp","href":"https:\/\/api.w.org\/{rel}","templated":true}]}}