{"id":191,"date":"2020-07-07T10:10:33","date_gmt":"2020-07-07T10:10:33","guid":{"rendered":"http:\/\/www.vodny-mlyn-predajna.sk\/?page_id=191"},"modified":"2020-07-07T12:31:38","modified_gmt":"2020-07-07T12:31:38","slug":"gersnovnik","status":"publish","type":"page","link":"https:\/\/www.vodny-mlyn-predajna.sk\/?page_id=191","title":{"rendered":"ger\u0161\u0148ovn\u00edk"},"content":{"rendered":"\n<p>ger\u0161\u0148ovn\u00edk vyr\u00e1bal kr\u00fapy z r\u00f4znych druhov obilia<\/p>\n\n\n\n<figure class=\"wp-block-image size-large is-resized\"><img loading=\"lazy\" src=\"https:\/\/www.vodny-mlyn-predajna.sk\/wp-content\/uploads\/2020\/07\/ger\u0161\u0148ovn\u00edk-1024x639.jpg\" alt=\"\" class=\"wp-image-220\" width=\"388\" height=\"241\" srcset=\"https:\/\/www.vodny-mlyn-predajna.sk\/wp-content\/uploads\/2020\/07\/ger\u0161\u0148ovn\u00edk-1024x639.jpg 1024w, https:\/\/www.vodny-mlyn-predajna.sk\/wp-content\/uploads\/2020\/07\/ger\u0161\u0148ovn\u00edk-300x187.jpg 300w, https:\/\/www.vodny-mlyn-predajna.sk\/wp-content\/uploads\/2020\/07\/ger\u0161\u0148ovn\u00edk-768x479.jpg 768w, https:\/\/www.vodny-mlyn-predajna.sk\/wp-content\/uploads\/2020\/07\/ger\u0161\u0148ovn\u00edk-1536x958.jpg 1536w, https:\/\/www.vodny-mlyn-predajna.sk\/wp-content\/uploads\/2020\/07\/ger\u0161\u0148ovn\u00edk-2048x1277.jpg 2048w\" sizes=\"(max-width: 388px) 100vw, 388px\" \/><figcaption>ger\u0161\u0148ovn\u00edk; foto: M. \u017dec<\/figcaption><\/figure>\n","protected":false},"excerpt":{"rendered":"<p>ger\u0161\u0148ovn\u00edk vyr\u00e1bal kr\u00fapy z r\u00f4znych druhov obilia<\/p>\n","protected":false},"author":1,"featured_media":0,"parent":17,"menu_order":0,"comment_status":"closed","ping_status":"closed","template":"","meta":[],"_links":{"self":[{"href":"https:\/\/www.vodny-mlyn-predajna.sk\/index.php?rest_route=\/wp\/v2\/pages\/191"}],"collection":[{"href":"https:\/\/www.vodny-mlyn-predajna.sk\/index.php?rest_route=\/wp\/v2\/pages"}],"about":[{"href":"https:\/\/www.vodny-mlyn-predajna.sk\/index.php?rest_route=\/wp\/v2\/types\/page"}],"author":[{"embeddable":true,"href":"https:\/\/www.vodny-mlyn-predajna.sk\/index.php?rest_route=\/wp\/v2\/users\/1"}],"replies":[{"embeddable":true,"href":"https:\/\/www.vodny-mlyn-predajna.sk\/index.php?rest_route=%2Fwp%2Fv2%2Fcomments&post=191"}],"version-history":[{"count":3,"href":"https:\/\/www.vodny-mlyn-predajna.sk\/index.php?rest_route=\/wp\/v2\/pages\/191\/revisions"}],"predecessor-version":[{"id":240,"href":"https:\/\/www.vodny-mlyn-predajna.sk\/index.php?rest_route=\/wp\/v2\/pages\/191\/revisions\/240"}],"up":[{"embeddable":true,"href":"https:\/\/www.vodny-mlyn-predajna.sk\/index.php?rest_route=\/wp\/v2\/pages\/17"}],"wp:attachment":[{"href":"https:\/\/www.vodny-mlyn-predajna.sk\/index.php?rest_route=%2Fwp%2Fv2%2Fmedia&parent=191"}],"curies":[{"name":"wp","href":"https:\/\/api.w.org\/{rel}","templated":true}]}}