{"id":89,"date":"2020-05-17T19:20:10","date_gmt":"2020-05-17T19:20:10","guid":{"rendered":"http:\/\/www.vodny-mlyn-predajna.sk\/?page_id=89"},"modified":"2022-01-26T10:19:37","modified_gmt":"2022-01-26T10:19:37","slug":"vodny-mlyn-uvod","status":"publish","type":"page","link":"https:\/\/www.vodny-mlyn-predajna.sk\/","title":{"rendered":"vodn\u00fd mlyn &#8211; \u00favod"},"content":{"rendered":"\n<p><\/p>\n\n\n\n<div class=\"wp-block-media-text alignwide is-stacked-on-mobile is-vertically-aligned-top\"><figure class=\"wp-block-media-text__media\"><img loading=\"lazy\" width=\"1024\" height=\"918\" src=\"https:\/\/www.vodny-mlyn-predajna.sk\/wp-content\/uploads\/2022\/01\/mlynBW_napis-1024x918.png\" alt=\"\" class=\"wp-image-259 size-full\" srcset=\"https:\/\/www.vodny-mlyn-predajna.sk\/wp-content\/uploads\/2022\/01\/mlynBW_napis-1024x918.png 1024w, https:\/\/www.vodny-mlyn-predajna.sk\/wp-content\/uploads\/2022\/01\/mlynBW_napis-300x269.png 300w, https:\/\/www.vodny-mlyn-predajna.sk\/wp-content\/uploads\/2022\/01\/mlynBW_napis-768x688.png 768w, https:\/\/www.vodny-mlyn-predajna.sk\/wp-content\/uploads\/2022\/01\/mlynBW_napis-1536x1377.png 1536w, https:\/\/www.vodny-mlyn-predajna.sk\/wp-content\/uploads\/2022\/01\/mlynBW_napis-2048x1836.png 2048w\" sizes=\"(max-width: 767px) 89vw, (max-width: 1000px) 54vw, (max-width: 1071px) 543px, 580px\" \/><\/figure><div class=\"wp-block-media-text__content\">\n<p class=\"has-large-font-size\"><\/p>\n<\/div><\/div>\n\n\n\n<ul><li>viacpodla\u017en\u00fd vodn\u00fd mlyn je n\u00e1rodn\u00e1 kult\u00farna pamiatka, ktorej z\u00e1klady siahaj\u00fa do 18. storo\u010dia <\/li><li>umo\u017e\u0148uje prehliadky p\u00f4vodn\u00fdch priestorov mlyna z 19. storo\u010dia a kompletne zachovan\u00e9ho technologick\u00e9ho zariadenia (priemyselne vyroben\u00e9 mlynsk\u00e9 stroje od r\u00f4znych v\u00fdrobcov)<\/li><li>vhodn\u00fd na viac alebo menej odborn\u00fa exkurziu pre z\u00e1kladn\u00e9, stredn\u00e9 a vysok\u00e9 \u0161koly <\/li><li>budova mlyna a jeho zariadenie umo\u017e\u0148uje aj odborn\u00fd v\u00fdskum technol\u00f3gi\u00ed vodn\u00fdch mlynov a r\u00f4znych zariaden\u00ed<\/li><\/ul>\n\n\n\n<div class=\"wp-container-3 wp-block-group\"><div class=\"wp-block-group__inner-container\">\n<div class=\"wp-container-2 wp-block-group\"><div class=\"wp-block-group__inner-container\">\n<div class=\"wp-container-1 wp-block-group\"><div class=\"wp-block-group__inner-container\">\n<figure class=\"wp-block-image size-large is-resized\"><img loading=\"lazy\" src=\"https:\/\/www.vodny-mlyn-predajna.sk\/wp-content\/uploads\/2020\/07\/Spodn\u00e1-\u010das\u0165-mlynice-s-hranolov\u00fdmi-vysieva\u010dmi-1-1024x768.jpg\" alt=\"\" class=\"wp-image-236\" width=\"351\" height=\"263\" srcset=\"https:\/\/www.vodny-mlyn-predajna.sk\/wp-content\/uploads\/2020\/07\/Spodn\u00e1-\u010das\u0165-mlynice-s-hranolov\u00fdmi-vysieva\u010dmi-1-1024x768.jpg 1024w, https:\/\/www.vodny-mlyn-predajna.sk\/wp-content\/uploads\/2020\/07\/Spodn\u00e1-\u010das\u0165-mlynice-s-hranolov\u00fdmi-vysieva\u010dmi-1-300x225.jpg 300w, https:\/\/www.vodny-mlyn-predajna.sk\/wp-content\/uploads\/2020\/07\/Spodn\u00e1-\u010das\u0165-mlynice-s-hranolov\u00fdmi-vysieva\u010dmi-1-768x576.jpg 768w, https:\/\/www.vodny-mlyn-predajna.sk\/wp-content\/uploads\/2020\/07\/Spodn\u00e1-\u010das\u0165-mlynice-s-hranolov\u00fdmi-vysieva\u010dmi-1-1536x1152.jpg 1536w, https:\/\/www.vodny-mlyn-predajna.sk\/wp-content\/uploads\/2020\/07\/Spodn\u00e1-\u010das\u0165-mlynice-s-hranolov\u00fdmi-vysieva\u010dmi-1.jpg 1600w\" sizes=\"(max-width: 351px) 100vw, 351px\" \/><figcaption>spodn\u00e9 podla\u017eie mlyna s vyosieva\u010dmi<br>foto: M. \u017dec<\/figcaption><\/figure>\n<\/div><\/div>\n<\/div><\/div>\n<\/div><\/div>\n\n\n\n<div class=\"wp-container-4 wp-block-group\"><div class=\"wp-block-group__inner-container\">\n<figure class=\"wp-block-image size-large is-resized\"><img loading=\"lazy\" src=\"https:\/\/www.vodny-mlyn-predajna.sk\/wp-content\/uploads\/2020\/07\/Horn\u00e1-\u010das\u0165-mlynice-s-k\u00fako\u013en\u00edkom-hranolov\u00fdmi-rozsieva\u010dmi-a-reformou-1024x407.jpg\" alt=\"\" class=\"wp-image-231\" width=\"587\" height=\"233\" srcset=\"https:\/\/www.vodny-mlyn-predajna.sk\/wp-content\/uploads\/2020\/07\/Horn\u00e1-\u010das\u0165-mlynice-s-k\u00fako\u013en\u00edkom-hranolov\u00fdmi-rozsieva\u010dmi-a-reformou-1024x407.jpg 1024w, https:\/\/www.vodny-mlyn-predajna.sk\/wp-content\/uploads\/2020\/07\/Horn\u00e1-\u010das\u0165-mlynice-s-k\u00fako\u013en\u00edkom-hranolov\u00fdmi-rozsieva\u010dmi-a-reformou-300x119.jpg 300w, https:\/\/www.vodny-mlyn-predajna.sk\/wp-content\/uploads\/2020\/07\/Horn\u00e1-\u010das\u0165-mlynice-s-k\u00fako\u013en\u00edkom-hranolov\u00fdmi-rozsieva\u010dmi-a-reformou-768x306.jpg 768w, https:\/\/www.vodny-mlyn-predajna.sk\/wp-content\/uploads\/2020\/07\/Horn\u00e1-\u010das\u0165-mlynice-s-k\u00fako\u013en\u00edkom-hranolov\u00fdmi-rozsieva\u010dmi-a-reformou-1536x611.jpg 1536w, https:\/\/www.vodny-mlyn-predajna.sk\/wp-content\/uploads\/2020\/07\/Horn\u00e1-\u010das\u0165-mlynice-s-k\u00fako\u013en\u00edkom-hranolov\u00fdmi-rozsieva\u010dmi-a-reformou-2048x815.jpg 2048w\" sizes=\"(max-width: 587px) 100vw, 587px\" \/><figcaption>horn\u00e9 podla\u017eie mlyna s r\u00f4znym zariaden\u00edm;  foto: M. \u017dec<\/figcaption><\/figure>\n<\/div><\/div>\n","protected":false},"excerpt":{"rendered":"<p>viacpodla\u017en\u00fd vodn\u00fd mlyn je n\u00e1rodn\u00e1 kult\u00farna pamiatka, ktorej z\u00e1klady siahaj\u00fa do 18. storo\u010dia umo\u017e\u0148uje prehliadky p\u00f4vodn\u00fdch priestorov mlyna z 19. storo\u010dia a kompletne zachovan\u00e9ho technologick\u00e9ho zariadenia (priemyselne vyroben\u00e9 mlynsk\u00e9 stroje od r\u00f4znych v\u00fdrobcov) vhodn\u00fd na viac alebo menej odborn\u00fa exkurziu pre z\u00e1kladn\u00e9, stredn\u00e9 a vysok\u00e9 \u0161koly budova mlyna a jeho zariadenie umo\u017e\u0148uje aj odborn\u00fd v\u00fdskum &hellip; <\/p>\n<p class=\"link-more\"><a href=\"https:\/\/www.vodny-mlyn-predajna.sk\/\" class=\"more-link\">Pokra\u010dova\u0165 v \u010d\u00edtan\u00ed<span class=\"screen-reader-text\"> &#8222;vodn\u00fd mlyn &#8211; \u00favod&#8220;<\/span><\/a><\/p>\n","protected":false},"author":1,"featured_media":0,"parent":0,"menu_order":0,"comment_status":"closed","ping_status":"closed","template":"","meta":[],"_links":{"self":[{"href":"https:\/\/www.vodny-mlyn-predajna.sk\/index.php?rest_route=\/wp\/v2\/pages\/89"}],"collection":[{"href":"https:\/\/www.vodny-mlyn-predajna.sk\/index.php?rest_route=\/wp\/v2\/pages"}],"about":[{"href":"https:\/\/www.vodny-mlyn-predajna.sk\/index.php?rest_route=\/wp\/v2\/types\/page"}],"author":[{"embeddable":true,"href":"https:\/\/www.vodny-mlyn-predajna.sk\/index.php?rest_route=\/wp\/v2\/users\/1"}],"replies":[{"embeddable":true,"href":"https:\/\/www.vodny-mlyn-predajna.sk\/index.php?rest_route=%2Fwp%2Fv2%2Fcomments&post=89"}],"version-history":[{"count":10,"href":"https:\/\/www.vodny-mlyn-predajna.sk\/index.php?rest_route=\/wp\/v2\/pages\/89\/revisions"}],"predecessor-version":[{"id":263,"href":"https:\/\/www.vodny-mlyn-predajna.sk\/index.php?rest_route=\/wp\/v2\/pages\/89\/revisions\/263"}],"wp:attachment":[{"href":"https:\/\/www.vodny-mlyn-predajna.sk\/index.php?rest_route=%2Fwp%2Fv2%2Fmedia&parent=89"}],"curies":[{"name":"wp","href":"https:\/\/api.w.org\/{rel}","templated":true}]}}